{"id":196,"date":"2024-11-26T10:42:25","date_gmt":"2024-11-26T10:42:25","guid":{"rendered":"https:\/\/satlujwebsolution.com\/clients\/ansabg\/?post_type=product&#038;p=196"},"modified":"2025-01-09T07:32:44","modified_gmt":"2025-01-09T07:32:44","slug":"ansa-omega-3","status":"publish","type":"product","link":"https:\/\/satlujwebsolution.com\/clients\/ansabg\/product\/ansa-omega-3\/","title":{"rendered":"ansa\u2122 \u2013 Omega 3"},"content":{"rendered":"<p>\u0417\u043d\u0430\u0435\u0448\u0435 \u043b\u0438, \u0447\u0435 \u043d\u0435 \u0432\u0441\u044f\u043a\u0430 &#8220;\u041e\u043c\u0435\u0433\u0430 3&#8221;\u00a0 \u043d\u0430 \u043f\u0430\u0437\u0430\u0440\u0430 \u0435 \u0447\u0438\u0441\u0442\u0430? \u041d\u0438\u0435 \u043f\u0440\u043e\u0431\u0432\u0430\u0445\u043c\u0435 \u0412\u0421\u0418\u0427\u041a\u0418 \ud83d\udc20<\/p>\n","protected":false},"excerpt":{"rendered":"<p>Dac\u0103 nu m\u0103n\u00e2nci cel pu\u021bin 250 g de pe\u0219te gras (\u00een sensul bun) \u00een fiecare zi, <strong>probabil c\u0103 nu prime\u0219ti suficient<\/strong> din binecunoscutul <strong>Omega 3<\/strong>. Spre deosebire de majoritatea produselor de pe pia\u021b\u0103, <strong>Omega 3<\/strong> al nostru este sub form\u0103 de trigliceride, nu sub form\u0103 de ester, deoarece este forma natural\u0103, familiar\u0103, cu cea mai <strong>mare absorb\u021bie<\/strong>, care va combate <strong>inflama\u021biile \u0219i<\/strong> va avea grij\u0103 de<strong> inim\u0103 \u0219i creier.<\/strong><\/p>\n","protected":false},"featured_media":235,"comment_status":"open","ping_status":"closed","template":"","meta":{"_acf_changed":false,"ocean_post_layout":"","ocean_both_sidebars_style":"","ocean_both_sidebars_content_width":0,"ocean_both_sidebars_sidebars_width":0,"ocean_sidebar":"0","ocean_second_sidebar":"0","ocean_disable_margins":"enable","ocean_add_body_class":"","ocean_shortcode_before_top_bar":"","ocean_shortcode_after_top_bar":"","ocean_shortcode_before_header":"","ocean_shortcode_after_header":"","ocean_has_shortcode":"","ocean_shortcode_after_title":"","ocean_shortcode_before_footer_widgets":"","ocean_shortcode_after_footer_widgets":"","ocean_shortcode_before_footer_bottom":"","ocean_shortcode_after_footer_bottom":"","ocean_display_top_bar":"default","ocean_display_header":"default","ocean_header_style":"","ocean_center_header_left_menu":"0","ocean_custom_header_template":"0","ocean_custom_logo":0,"ocean_custom_retina_logo":0,"ocean_custom_logo_max_width":0,"ocean_custom_logo_tablet_max_width":0,"ocean_custom_logo_mobile_max_width":0,"ocean_custom_logo_max_height":0,"ocean_custom_logo_tablet_max_height":0,"ocean_custom_logo_mobile_max_height":0,"ocean_header_custom_menu":"0","ocean_menu_typo_font_family":"0","ocean_menu_typo_font_subset":"","ocean_menu_typo_font_size":0,"ocean_menu_typo_font_size_tablet":0,"ocean_menu_typo_font_size_mobile":0,"ocean_menu_typo_font_size_unit":"px","ocean_menu_typo_font_weight":"","ocean_menu_typo_font_weight_tablet":"","ocean_menu_typo_font_weight_mobile":"","ocean_menu_typo_transform":"","ocean_menu_typo_transform_tablet":"","ocean_menu_typo_transform_mobile":"","ocean_menu_typo_line_height":0,"ocean_menu_typo_line_height_tablet":0,"ocean_menu_typo_line_height_mobile":0,"ocean_menu_typo_line_height_unit":"","ocean_menu_typo_spacing":0,"ocean_menu_typo_spacing_tablet":0,"ocean_menu_typo_spacing_mobile":0,"ocean_menu_typo_spacing_unit":"","ocean_menu_link_color":"","ocean_menu_link_color_hover":"","ocean_menu_link_color_active":"","ocean_menu_link_background":"","ocean_menu_link_hover_background":"","ocean_menu_link_active_background":"","ocean_menu_social_links_bg":"","ocean_menu_social_hover_links_bg":"","ocean_menu_social_links_color":"","ocean_menu_social_hover_links_color":"","ocean_disable_title":"default","ocean_disable_heading":"default","ocean_post_title":"","ocean_post_subheading":"","ocean_post_title_style":"","ocean_post_title_background_color":"","ocean_post_title_background":0,"ocean_post_title_bg_image_position":"","ocean_post_title_bg_image_attachment":"","ocean_post_title_bg_image_repeat":"","ocean_post_title_bg_image_size":"","ocean_post_title_height":0,"ocean_post_title_bg_overlay":0.5,"ocean_post_title_bg_overlay_color":"","ocean_disable_breadcrumbs":"default","ocean_breadcrumbs_color":"","ocean_breadcrumbs_separator_color":"","ocean_breadcrumbs_links_color":"","ocean_breadcrumbs_links_hover_color":"","ocean_display_footer_widgets":"default","ocean_display_footer_bottom":"default","ocean_custom_footer_template":"0"},"product_cat":[37,17],"product_tag":[21],"class_list":{"0":"post-196","1":"product","2":"type-product","3":"status-publish","4":"has-post-thumbnail","6":"sp_smart_brand-this-subtitle-1","7":"product_cat-wellness","8":"product_cat-17","9":"product_tag-omega-3-live","11":"entry","12":"has-media","14":"first","15":"instock","16":"sale","17":"shipping-taxable","18":"purchasable","19":"product-type-variable","20":"has-default-attributes","21":"has-product-nav","22":"col","23":"span_1_of_4","24":"owp-content-center","25":"owp-thumbs-layout-horizontal","26":"owp-btn-normal","27":"owp-tabs-layout-horizontal"},"acf":[],"jetpack_sharing_enabled":true,"_links":{"self":[{"href":"https:\/\/satlujwebsolution.com\/clients\/ansabg\/wp-json\/wp\/v2\/product\/196","targetHints":{"allow":["GET"]}}],"collection":[{"href":"https:\/\/satlujwebsolution.com\/clients\/ansabg\/wp-json\/wp\/v2\/product"}],"about":[{"href":"https:\/\/satlujwebsolution.com\/clients\/ansabg\/wp-json\/wp\/v2\/types\/product"}],"replies":[{"embeddable":true,"href":"https:\/\/satlujwebsolution.com\/clients\/ansabg\/wp-json\/wp\/v2\/comments?post=196"}],"wp:featuredmedia":[{"embeddable":true,"href":"https:\/\/satlujwebsolution.com\/clients\/ansabg\/wp-json\/wp\/v2\/media\/235"}],"wp:attachment":[{"href":"https:\/\/satlujwebsolution.com\/clients\/ansabg\/wp-json\/wp\/v2\/media?parent=196"}],"wp:term":[{"taxonomy":"product_cat","embeddable":true,"href":"https:\/\/satlujwebsolution.com\/clients\/ansabg\/wp-json\/wp\/v2\/product_cat?post=196"},{"taxonomy":"product_tag","embeddable":true,"href":"https:\/\/satlujwebsolution.com\/clients\/ansabg\/wp-json\/wp\/v2\/product_tag?post=196"}],"curies":[{"name":"wp","href":"https:\/\/api.w.org\/{rel}","templated":true}]}}