{"id":192,"date":"2024-11-26T10:42:24","date_gmt":"2024-11-26T10:42:24","guid":{"rendered":"https:\/\/satlujwebsolution.com\/clients\/ansabg\/?post_type=product&#038;p=192"},"modified":"2025-01-16T04:09:13","modified_gmt":"2025-01-16T04:09:13","slug":"ansa-no-ache","status":"publish","type":"product","link":"https:\/\/satlujwebsolution.com\/clients\/ansabg\/product\/ansa-no-ache\/","title":{"rendered":"ansa\u2122 &#8211; No Ache"},"content":{"rendered":"<p>2 \u043a\u0430\u043f\u0441\u0443\u043b\u0438 \u0434\u043d\u0435\u0432\u043d\u043e \u0438 \u043a\u0430\u0437\u0432\u0430\u0448 \u0447\u0430\u043e \u043d\u0430 \u0431\u043e\u043b\u043a\u0438 \u0438 \u0441\u043a\u043e\u0432\u0430\u043d\u043e\u0441\u0442 \ud83d\ude0d<\/p>\n","protected":false},"excerpt":{"rendered":"<p>Ai dureri sau disconfort muscular \u0219i articular? Ansa NoAche ofer\u0103 sprijin bazat pe \u0219tiin\u021b\u0103 pentru articula\u021biile \u0219i cartilajele tale, combin\u00e2nd ingrediente active puternice care promoveaz\u0103 s\u0103n\u0103tatea \u0219i mobilitatea \u0219i reduc durerea .<\/p>\n<p>Con\u021bin\u00e2nd extract de midie verde, acid hialuronic, sulfat de glucozamin\u0103 \u0219i sulfat de condroitin\u0103, acest produs este ideal pentru doamnele care se confrunt\u0103 cu dureri sau dificult\u0103\u021bi de mi\u0219care.<\/p>\n","protected":false},"featured_media":227,"comment_status":"open","ping_status":"closed","template":"","meta":{"_acf_changed":false,"ocean_post_layout":"","ocean_both_sidebars_style":"","ocean_both_sidebars_content_width":0,"ocean_both_sidebars_sidebars_width":0,"ocean_sidebar":"0","ocean_second_sidebar":"0","ocean_disable_margins":"enable","ocean_add_body_class":"","ocean_shortcode_before_top_bar":"","ocean_shortcode_after_top_bar":"","ocean_shortcode_before_header":"","ocean_shortcode_after_header":"","ocean_has_shortcode":"","ocean_shortcode_after_title":"","ocean_shortcode_before_footer_widgets":"","ocean_shortcode_after_footer_widgets":"","ocean_shortcode_before_footer_bottom":"","ocean_shortcode_after_footer_bottom":"","ocean_display_top_bar":"default","ocean_display_header":"default","ocean_header_style":"","ocean_center_header_left_menu":"0","ocean_custom_header_template":"0","ocean_custom_logo":0,"ocean_custom_retina_logo":0,"ocean_custom_logo_max_width":0,"ocean_custom_logo_tablet_max_width":0,"ocean_custom_logo_mobile_max_width":0,"ocean_custom_logo_max_height":0,"ocean_custom_logo_tablet_max_height":0,"ocean_custom_logo_mobile_max_height":0,"ocean_header_custom_menu":"0","ocean_menu_typo_font_family":"0","ocean_menu_typo_font_subset":"","ocean_menu_typo_font_size":0,"ocean_menu_typo_font_size_tablet":0,"ocean_menu_typo_font_size_mobile":0,"ocean_menu_typo_font_size_unit":"px","ocean_menu_typo_font_weight":"","ocean_menu_typo_font_weight_tablet":"","ocean_menu_typo_font_weight_mobile":"","ocean_menu_typo_transform":"","ocean_menu_typo_transform_tablet":"","ocean_menu_typo_transform_mobile":"","ocean_menu_typo_line_height":0,"ocean_menu_typo_line_height_tablet":0,"ocean_menu_typo_line_height_mobile":0,"ocean_menu_typo_line_height_unit":"","ocean_menu_typo_spacing":0,"ocean_menu_typo_spacing_tablet":0,"ocean_menu_typo_spacing_mobile":0,"ocean_menu_typo_spacing_unit":"","ocean_menu_link_color":"","ocean_menu_link_color_hover":"","ocean_menu_link_color_active":"","ocean_menu_link_background":"","ocean_menu_link_hover_background":"","ocean_menu_link_active_background":"","ocean_menu_social_links_bg":"","ocean_menu_social_hover_links_bg":"","ocean_menu_social_links_color":"","ocean_menu_social_hover_links_color":"","ocean_disable_title":"default","ocean_disable_heading":"default","ocean_post_title":"","ocean_post_subheading":"","ocean_post_title_style":"","ocean_post_title_background_color":"","ocean_post_title_background":0,"ocean_post_title_bg_image_position":"","ocean_post_title_bg_image_attachment":"","ocean_post_title_bg_image_repeat":"","ocean_post_title_bg_image_size":"","ocean_post_title_height":0,"ocean_post_title_bg_overlay":0.5,"ocean_post_title_bg_overlay_color":"","ocean_disable_breadcrumbs":"default","ocean_breadcrumbs_color":"","ocean_breadcrumbs_separator_color":"","ocean_breadcrumbs_links_color":"","ocean_breadcrumbs_links_hover_color":"","ocean_display_footer_widgets":"default","ocean_display_footer_bottom":"default","ocean_custom_footer_template":"0"},"product_cat":[17],"product_tag":[20],"class_list":{"0":"post-192","1":"product","2":"type-product","3":"status-publish","4":"has-post-thumbnail","6":"sp_smart_brand-this-subtitle-7","7":"product_cat-17","8":"product_tag-no-ache-live","10":"entry","11":"has-media","13":"first","14":"instock","15":"sale","16":"shipping-taxable","17":"purchasable","18":"product-type-variable","19":"has-default-attributes","20":"has-product-nav","21":"col","22":"span_1_of_4","23":"owp-content-center","24":"owp-thumbs-layout-horizontal","25":"owp-btn-normal","26":"owp-tabs-layout-horizontal"},"acf":[],"jetpack_sharing_enabled":true,"_links":{"self":[{"href":"https:\/\/satlujwebsolution.com\/clients\/ansabg\/wp-json\/wp\/v2\/product\/192","targetHints":{"allow":["GET"]}}],"collection":[{"href":"https:\/\/satlujwebsolution.com\/clients\/ansabg\/wp-json\/wp\/v2\/product"}],"about":[{"href":"https:\/\/satlujwebsolution.com\/clients\/ansabg\/wp-json\/wp\/v2\/types\/product"}],"replies":[{"embeddable":true,"href":"https:\/\/satlujwebsolution.com\/clients\/ansabg\/wp-json\/wp\/v2\/comments?post=192"}],"wp:featuredmedia":[{"embeddable":true,"href":"https:\/\/satlujwebsolution.com\/clients\/ansabg\/wp-json\/wp\/v2\/media\/227"}],"wp:attachment":[{"href":"https:\/\/satlujwebsolution.com\/clients\/ansabg\/wp-json\/wp\/v2\/media?parent=192"}],"wp:term":[{"taxonomy":"product_cat","embeddable":true,"href":"https:\/\/satlujwebsolution.com\/clients\/ansabg\/wp-json\/wp\/v2\/product_cat?post=192"},{"taxonomy":"product_tag","embeddable":true,"href":"https:\/\/satlujwebsolution.com\/clients\/ansabg\/wp-json\/wp\/v2\/product_tag?post=192"}],"curies":[{"name":"wp","href":"https:\/\/api.w.org\/{rel}","templated":true}]}}