{"id":188,"date":"2024-11-26T10:42:24","date_gmt":"2024-11-26T10:42:24","guid":{"rendered":"https:\/\/satlujwebsolution.com\/clients\/ansabg\/?post_type=product&#038;p=188"},"modified":"2025-01-20T12:00:32","modified_gmt":"2025-01-20T12:00:32","slug":"ansa-ashwagandha-magnesium-b6","status":"publish","type":"product","link":"https:\/\/satlujwebsolution.com\/clients\/ansabg\/product\/ansa-ashwagandha-magnesium-b6\/","title":{"rendered":"ansa\u2122 \u2013 Ashwagandha, Magnesium, B6"},"content":{"rendered":"<p><span style=\"font-weight: 400;\">Trebuie s\u0103 fi luat ashwagandha. Dar nu ai b\u0103ut-o pe aia! L-am \u00eembog\u0103\u021bit \u0219i efectul este \ud83d\udca3\u2728<\/span><\/p>\n","protected":false},"excerpt":{"rendered":"<p>Ca femei, suntem mai emo\u021bionale \u0219i, adesea, emo\u021biile negative ne pot cople\u0219i g\u00e2ndurile, ne pot afecta somnul \u0219i apetitul \u0219i ne pot \u00eempiedica s\u0103 ne bucur\u0103m de via\u021b\u0103 la maximum.<\/p>\n<p>Dac\u0103 stresul, anxietatea \u0219i oboseala din via\u021ba agitat\u0103 de zi cu zi au pus st\u0103p\u00e2nire pe tine \u00een ultima vreme, ashwagandha cu magneziu \u0219i B6 de la Ansa este solu\u021bia ta &#8211; <strong>fii calm\u0103, \u00eencrez\u0103toare, motivat\u0103, radiant\u0103!<\/strong><\/p>\n<p><span style=\"font-weight: 400;\"><strong>\u00a0<\/strong><\/span><\/p>\n","protected":false},"featured_media":219,"comment_status":"open","ping_status":"closed","template":"","meta":{"_acf_changed":false,"ocean_post_layout":"","ocean_both_sidebars_style":"","ocean_both_sidebars_content_width":0,"ocean_both_sidebars_sidebars_width":0,"ocean_sidebar":"0","ocean_second_sidebar":"0","ocean_disable_margins":"enable","ocean_add_body_class":"","ocean_shortcode_before_top_bar":"","ocean_shortcode_after_top_bar":"","ocean_shortcode_before_header":"","ocean_shortcode_after_header":"","ocean_has_shortcode":"","ocean_shortcode_after_title":"","ocean_shortcode_before_footer_widgets":"","ocean_shortcode_after_footer_widgets":"","ocean_shortcode_before_footer_bottom":"","ocean_shortcode_after_footer_bottom":"","ocean_display_top_bar":"default","ocean_display_header":"default","ocean_header_style":"","ocean_center_header_left_menu":"0","ocean_custom_header_template":"0","ocean_custom_logo":0,"ocean_custom_retina_logo":0,"ocean_custom_logo_max_width":0,"ocean_custom_logo_tablet_max_width":0,"ocean_custom_logo_mobile_max_width":0,"ocean_custom_logo_max_height":0,"ocean_custom_logo_tablet_max_height":0,"ocean_custom_logo_mobile_max_height":0,"ocean_header_custom_menu":"0","ocean_menu_typo_font_family":"0","ocean_menu_typo_font_subset":"","ocean_menu_typo_font_size":0,"ocean_menu_typo_font_size_tablet":0,"ocean_menu_typo_font_size_mobile":0,"ocean_menu_typo_font_size_unit":"px","ocean_menu_typo_font_weight":"","ocean_menu_typo_font_weight_tablet":"","ocean_menu_typo_font_weight_mobile":"","ocean_menu_typo_transform":"","ocean_menu_typo_transform_tablet":"","ocean_menu_typo_transform_mobile":"","ocean_menu_typo_line_height":0,"ocean_menu_typo_line_height_tablet":0,"ocean_menu_typo_line_height_mobile":0,"ocean_menu_typo_line_height_unit":"","ocean_menu_typo_spacing":0,"ocean_menu_typo_spacing_tablet":0,"ocean_menu_typo_spacing_mobile":0,"ocean_menu_typo_spacing_unit":"","ocean_menu_link_color":"","ocean_menu_link_color_hover":"","ocean_menu_link_color_active":"","ocean_menu_link_background":"","ocean_menu_link_hover_background":"","ocean_menu_link_active_background":"","ocean_menu_social_links_bg":"","ocean_menu_social_hover_links_bg":"","ocean_menu_social_links_color":"","ocean_menu_social_hover_links_color":"","ocean_disable_title":"default","ocean_disable_heading":"default","ocean_post_title":"","ocean_post_subheading":"","ocean_post_title_style":"","ocean_post_title_background_color":"","ocean_post_title_background":0,"ocean_post_title_bg_image_position":"","ocean_post_title_bg_image_attachment":"","ocean_post_title_bg_image_repeat":"","ocean_post_title_bg_image_size":"","ocean_post_title_height":0,"ocean_post_title_bg_overlay":0.5,"ocean_post_title_bg_overlay_color":"","ocean_disable_breadcrumbs":"default","ocean_breadcrumbs_color":"","ocean_breadcrumbs_separator_color":"","ocean_breadcrumbs_links_color":"","ocean_breadcrumbs_links_hover_color":"","ocean_display_footer_widgets":"default","ocean_display_footer_bottom":"default","ocean_custom_footer_template":"0"},"product_cat":[37,17],"product_tag":[19],"class_list":{"0":"post-188","1":"product","2":"type-product","3":"status-publish","4":"has-post-thumbnail","6":"sp_smart_brand-this-subtitle-6","7":"product_cat-wellness","8":"product_cat-17","9":"product_tag-ashwagandha-mag-b6-live","11":"entry","12":"has-media","14":"first","15":"instock","16":"sale","17":"shipping-taxable","18":"purchasable","19":"product-type-variable","20":"has-default-attributes","21":"has-product-nav","22":"col","23":"span_1_of_4","24":"owp-content-center","25":"owp-thumbs-layout-horizontal","26":"owp-btn-normal","27":"owp-tabs-layout-horizontal"},"acf":[],"jetpack_sharing_enabled":true,"_links":{"self":[{"href":"https:\/\/satlujwebsolution.com\/clients\/ansabg\/wp-json\/wp\/v2\/product\/188","targetHints":{"allow":["GET"]}}],"collection":[{"href":"https:\/\/satlujwebsolution.com\/clients\/ansabg\/wp-json\/wp\/v2\/product"}],"about":[{"href":"https:\/\/satlujwebsolution.com\/clients\/ansabg\/wp-json\/wp\/v2\/types\/product"}],"replies":[{"embeddable":true,"href":"https:\/\/satlujwebsolution.com\/clients\/ansabg\/wp-json\/wp\/v2\/comments?post=188"}],"wp:featuredmedia":[{"embeddable":true,"href":"https:\/\/satlujwebsolution.com\/clients\/ansabg\/wp-json\/wp\/v2\/media\/219"}],"wp:attachment":[{"href":"https:\/\/satlujwebsolution.com\/clients\/ansabg\/wp-json\/wp\/v2\/media?parent=188"}],"wp:term":[{"taxonomy":"product_cat","embeddable":true,"href":"https:\/\/satlujwebsolution.com\/clients\/ansabg\/wp-json\/wp\/v2\/product_cat?post=188"},{"taxonomy":"product_tag","embeddable":true,"href":"https:\/\/satlujwebsolution.com\/clients\/ansabg\/wp-json\/wp\/v2\/product_tag?post=188"}],"curies":[{"name":"wp","href":"https:\/\/api.w.org\/{rel}","templated":true}]}}