{"id":621,"date":"2024-11-28T06:22:46","date_gmt":"2024-11-28T06:22:46","guid":{"rendered":"https:\/\/satlujwebsolution.com\/clients\/ansabg\/?page_id=621"},"modified":"2025-01-09T12:04:49","modified_gmt":"2025-01-09T12:04:49","slug":"politica-de-securitate","status":"publish","type":"page","link":"https:\/\/satlujwebsolution.com\/clients\/ansabg\/politica-de-securitate\/","title":{"rendered":"politica de securitate"},"content":{"rendered":"\t\t<div data-elementor-type=\"wp-page\" data-elementor-id=\"621\" class=\"elementor elementor-621\" data-elementor-post-type=\"page\">\n\t\t\t\t<div class=\"elementor-element elementor-element-6573de7 e-flex e-con-boxed e-con e-parent\" data-id=\"6573de7\" data-element_type=\"container\" data-settings=\"{&quot;background_background&quot;:&quot;classic&quot;}\">\n\t\t\t\t\t<div class=\"e-con-inner\">\n\t\t\t\t<div class=\"elementor-element elementor-element-b7de05f elementor-widget__width-initial elementor-widget elementor-widget-heading\" data-id=\"b7de05f\" data-element_type=\"widget\" data-widget_type=\"heading.default\">\n\t\t\t\t<div class=\"elementor-widget-container\">\n\t\t\t\t\t<h2 class=\"elementor-heading-title elementor-size-default\">Politici de protec\u021bie a datelor personalului<\/h2>\t\t\t\t<\/div>\n\t\t\t\t<\/div>\n\t\t\t\t<div class=\"elementor-element elementor-element-c5ab1fb elementor-widget elementor-widget-text-editor\" data-id=\"c5ab1fb\" data-element_type=\"widget\" data-widget_type=\"text-editor.default\">\n\t\t\t\t<div class=\"elementor-widget-container\">\n\t\t\t\t\t\t\t\t\t<p>[Informa\u021bii despre compania care prelucreaz\u0103 datele dumneavoastr\u0103:]<br \/><br \/><strong><span style=\"color: #ff8346;\">PRODUC\u0102TOR \u0218I DISTRIBUITOR:<\/span><\/strong><\/p><p>\u201eNutrend Bulgaria\u201c SRL, cu cod unic de identificare: 202792101, cu sediul social \u0219i adresa de administrare \u00een: Sofia, Str. \u201eNishava\u201c nr. 40, ap. magazin 1.<\/p><p>\u201eNutrend Bulgaria\u201d EOOD (denumit \u201eAdministrator\u201d, \u201eNoi\u201d sau \u201eCompania\u201d pe scurt) \u00ee\u0219i desf\u0103\u0219oar\u0103 activit\u0103\u021bile \u00een conformitate cu Legea privind protec\u021bia datelor cu caracter personal \u0219i cu Regulamentul (UE) 2016\/679 al Parlamentului European \u0219i al Consiliul din 27 aprilie 2016 privind protec\u021bia persoanelor fizice \u00een leg\u0103tur\u0103 cu prelucrarea datelor cu caracter personal \u0219i privind libera circula\u021bie a acestor date. Aceast\u0103 politic\u0103 \u00ee\u0219i propune s\u0103 v\u0103 informeze despre toate aspectele prelucr\u0103rii datelor dumneavoastr\u0103 cu caracter personal de c\u0103tre Companie \u0219i despre drepturile pe care le ave\u021bi \u00een leg\u0103tur\u0103 cu aceast\u0103 prelucrare.<\/p><p>\u201eNutrend Bulgaria\u201d EOOD garanteaz\u0103 utilizatorilor\/clien\u021bilor s\u0103i confiden\u021bialitatea informa\u021biilor furnizate \u0219i a datelor personale. Acestea din urm\u0103 nu vor fi utilizate, furnizate sau aduse la cuno\u0219tin\u021ba ter\u021bilor \u00een afara cazurilor \u0219i \u00een condi\u021biile specificate \u00een aceast\u0103 politic\u0103 de confiden\u021bialitate.<\/p><p>1. \u201eNutrend Bulgaria\u201c SRL colecteaz\u0103 \u0219i prelucreaz\u0103 datele dumneavoastr\u0103 personale \u00een leg\u0103tur\u0103 cu utilizarea magazinului online <a href=\"https:\/\/nitrotiger.com\/\" target=\"_new\" rel=\"noopener\">https:\/\/nitrotiger.com\/<\/a> \u0219i \u00eencheierea contractelor cu compania, \u00een conformitate cu art. 6, alin. 1 din Regulamentul (UE) 2016\/679 (GDPR), \u0219i, \u00een mod specific, pe baza urm\u0103toarelor temeiuri:<\/p><p>1.1. Consim\u021b\u0103m\u00e2nt explicit primit de la utilizator\/client;<\/p><p>1.2. Executarea obliga\u021biilor \u201eNutrend Bulgaria\u201c SRL \u00een baza unui contract cu utilizatorul\/clientul;<\/p><p>1.3. Respectarea unei obliga\u021bii legale aplicabile administratorului \u201eNutrend Bulgaria\u201c SRL;<\/p><p>1.4. \u00cen scopul intereselor legitime ale administratorului \u201eNutrend Bulgaria\u201c SRL sau ale unei ter\u021be p\u0103r\u021bi;<\/p><p>2. \u201eNutrend Bulgaria\u201c SRL colecteaz\u0103 \u0219i prelucreaz\u0103 datele personale pe care utilizatorii\/clien\u021bii le furnizeaz\u0103 \u00een leg\u0103tur\u0103 cu utilizarea magazinului online <a href=\"https:\/\/nitrotiger.com\/\" target=\"_new\" rel=\"noopener\">https:\/\/nitrotiger.com\/<\/a> \u0219i \u00eencheierea unui contract cu compania, inclusiv \u00een urm\u0103toarele scopuri:<\/p><p>2.1. Crearea unui profil \u0219i oferirea func\u021bionalit\u0103\u021bii complete atunci c\u00e2nd utiliza\u021bi magazinul online;<\/p><p>2.2. Individualizarea unei p\u0103r\u021bi a contractului;<\/p><p>2.3. Scopuri contabile;<\/p><p>2.4. Scopuri statistice;<\/p><p>2.5. Protec\u021bia securit\u0103\u021bii informa\u021biilor;<\/p><p>2.6. Asigurarea execut\u0103rii contractului;<\/p><p>2.7. Trimiterea unui newsletter la solicitarea utilizatorului\/clientului.<\/p><p>2a. La prelucrarea datelor personale ale utilizatorilor\/clien\u021bilor, \u201eNutrend Bulgaria\u201c SRL respect\u0103 urm\u0103toarele principii:<\/p><p>3.1. Legalitate, bun\u0103-credin\u021b\u0103 \u0219i transparen\u021b\u0103;<\/p><p>3.2. Limitarea scopurilor prelucr\u0103rii;<\/p><p>3.3. Corelarea cu scopurile prelucr\u0103rii \u0219i reducerea la minimum a datelor colectate;<\/p><p>3.4. Acurate\u021bea \u0219i actualitatea datelor;<\/p><p>3.5. Limitarea perioadei de p\u0103strare \u00een vederea atingerii scopurilor;<\/p><p>3.6. Integritatea \u0219i confiden\u021bialitatea prelucr\u0103rii \u0219i asigurarea unui nivel adecvat de securitate a datelor personale.<\/p><p>3. \u201eNutrend Bulgaria\u201c SRL efectueaz\u0103 urm\u0103toarele opera\u021biuni cu datele personale furnizate de utilizatori\/clien\u021bi, \u00een scopurile urm\u0103toare:<\/p><p>3.1. \u00cenregistrarea unui profil de utilizator \u00een magazinul online \u0219i \u00eendeplinirea unui contract de v\u00e2nzare-cump\u0103rare la distan\u021b\u0103 \u2013 scopul acestei opera\u021biuni este crearea unui profil pentru utilizarea magazinului online pentru achizi\u021bionarea de produse \u0219i furnizarea de date de contact pentru livrarea produselor achizi\u021bionate. \u00cenregistrarea \u0219i crearea unui profil de utilizator pentru utilizarea magazinului online nu este o etap\u0103 obligatorie \u00een furnizarea serviciului de achizi\u021bionare de produse la distan\u021b\u0103 \u0219i este disponibil\u0103 \u0219i f\u0103r\u0103 crearea unui astfel de profil;<\/p><p>3.2. \u00cencheierea \u0219i \u00eendeplinirea unui contract comercial cu un client sau partener \u2013 scopul acestei opera\u021biuni este \u00eencheierea \u0219i \u00eendeplinirea unui contract cu un partener comercial sau client \u0219i administrarea acestuia;<\/p><p>3.3. Trimiterea unui buletin informativ (newsletter) \u0219i mesaje publicitare \u2013 scopul acestei opera\u021biuni este administrarea procesului de trimitere a buletinelor c\u0103tre utilizatorii\/clien\u021bii care au solicitat s\u0103 le primeasc\u0103. Av\u00e2nd \u00een vedere aria limitat\u0103 a datelor personale colectate, exercitarea dreptului de a refuza sau efectuarea unei reclama\u021bii \u2013 scopul acestei opera\u021biuni este administrarea procesului de exercitare a dreptului de refuz de c\u0103tre utilizator\/client.<\/p><p>3.4. V\u00e2nzare-cump\u0103rare de bunuri la distan\u021b\u0103 \u2013 scopul acestei opera\u021biuni este facilitarea transferului de bunuri prin \u00eencheierea unui contract de v\u00e2nzare-cump\u0103rare cu o persoan\u0103 fizic\u0103.<\/p>\t\t\t\t\t\t\t\t<\/div>\n\t\t\t\t<\/div>\n\t\t\t\t\t<\/div>\n\t\t\t\t<\/div>\n\t\t\t\t<\/div>\n\t\t","protected":false},"excerpt":{"rendered":"<p>Politici de protec\u021bie a datelor personalului [Informa\u021bii despre compania care prelucreaz\u0103 datele dumneavoastr\u0103:] PRODUC\u0102TOR \u0218I DISTRIBUITOR: \u201eNutrend Bulgaria\u201c SRL, cu cod unic de identificare: 202792101, cu sediul social \u0219i adresa de administrare \u00een: Sofia, Str. \u201eNishava\u201c nr. 40, ap. magazin 1. \u201eNutrend Bulgaria\u201d EOOD (denumit \u201eAdministrator\u201d, \u201eNoi\u201d sau \u201eCompania\u201d pe scurt) \u00ee\u0219i desf\u0103\u0219oar\u0103 activit\u0103\u021bile \u00een [&hellip;]<\/p>\n","protected":false},"author":1,"featured_media":0,"parent":0,"menu_order":0,"comment_status":"closed","ping_status":"closed","template":"elementor_header_footer","meta":{"_acf_changed":false,"ocean_post_layout":"","ocean_both_sidebars_style":"","ocean_both_sidebars_content_width":0,"ocean_both_sidebars_sidebars_width":0,"ocean_sidebar":"0","ocean_second_sidebar":"0","ocean_disable_margins":"enable","ocean_add_body_class":"","ocean_shortcode_before_top_bar":"","ocean_shortcode_after_top_bar":"","ocean_shortcode_before_header":"","ocean_shortcode_after_header":"","ocean_has_shortcode":"","ocean_shortcode_after_title":"","ocean_shortcode_before_footer_widgets":"","ocean_shortcode_after_footer_widgets":"","ocean_shortcode_before_footer_bottom":"","ocean_shortcode_after_footer_bottom":"","ocean_display_top_bar":"default","ocean_display_header":"default","ocean_header_style":"","ocean_center_header_left_menu":"0","ocean_custom_header_template":"0","ocean_custom_logo":0,"ocean_custom_retina_logo":0,"ocean_custom_logo_max_width":0,"ocean_custom_logo_tablet_max_width":0,"ocean_custom_logo_mobile_max_width":0,"ocean_custom_logo_max_height":0,"ocean_custom_logo_tablet_max_height":0,"ocean_custom_logo_mobile_max_height":0,"ocean_header_custom_menu":"0","ocean_menu_typo_font_family":"0","ocean_menu_typo_font_subset":"","ocean_menu_typo_font_size":0,"ocean_menu_typo_font_size_tablet":0,"ocean_menu_typo_font_size_mobile":0,"ocean_menu_typo_font_size_unit":"px","ocean_menu_typo_font_weight":"","ocean_menu_typo_font_weight_tablet":"","ocean_menu_typo_font_weight_mobile":"","ocean_menu_typo_transform":"","ocean_menu_typo_transform_tablet":"","ocean_menu_typo_transform_mobile":"","ocean_menu_typo_line_height":0,"ocean_menu_typo_line_height_tablet":0,"ocean_menu_typo_line_height_mobile":0,"ocean_menu_typo_line_height_unit":"","ocean_menu_typo_spacing":0,"ocean_menu_typo_spacing_tablet":0,"ocean_menu_typo_spacing_mobile":0,"ocean_menu_typo_spacing_unit":"","ocean_menu_link_color":"","ocean_menu_link_color_hover":"","ocean_menu_link_color_active":"","ocean_menu_link_background":"","ocean_menu_link_hover_background":"","ocean_menu_link_active_background":"","ocean_menu_social_links_bg":"","ocean_menu_social_hover_links_bg":"","ocean_menu_social_links_color":"","ocean_menu_social_hover_links_color":"","ocean_disable_title":"default","ocean_disable_heading":"default","ocean_post_title":"","ocean_post_subheading":"","ocean_post_title_style":"","ocean_post_title_background_color":"","ocean_post_title_background":0,"ocean_post_title_bg_image_position":"","ocean_post_title_bg_image_attachment":"","ocean_post_title_bg_image_repeat":"","ocean_post_title_bg_image_size":"","ocean_post_title_height":0,"ocean_post_title_bg_overlay":0.5,"ocean_post_title_bg_overlay_color":"","ocean_disable_breadcrumbs":"default","ocean_breadcrumbs_color":"","ocean_breadcrumbs_separator_color":"","ocean_breadcrumbs_links_color":"","ocean_breadcrumbs_links_hover_color":"","ocean_display_footer_widgets":"default","ocean_display_footer_bottom":"default","ocean_custom_footer_template":"0","footnotes":""},"class_list":["post-621","page","type-page","status-publish","hentry","entry","owp-thumbs-layout-horizontal","owp-btn-normal","owp-tabs-layout-horizontal","has-no-thumbnails","has-product-nav"],"acf":[],"jetpack_sharing_enabled":true,"_links":{"self":[{"href":"https:\/\/satlujwebsolution.com\/clients\/ansabg\/wp-json\/wp\/v2\/pages\/621","targetHints":{"allow":["GET"]}}],"collection":[{"href":"https:\/\/satlujwebsolution.com\/clients\/ansabg\/wp-json\/wp\/v2\/pages"}],"about":[{"href":"https:\/\/satlujwebsolution.com\/clients\/ansabg\/wp-json\/wp\/v2\/types\/page"}],"author":[{"embeddable":true,"href":"https:\/\/satlujwebsolution.com\/clients\/ansabg\/wp-json\/wp\/v2\/users\/1"}],"replies":[{"embeddable":true,"href":"https:\/\/satlujwebsolution.com\/clients\/ansabg\/wp-json\/wp\/v2\/comments?post=621"}],"version-history":[{"count":136,"href":"https:\/\/satlujwebsolution.com\/clients\/ansabg\/wp-json\/wp\/v2\/pages\/621\/revisions"}],"predecessor-version":[{"id":4690,"href":"https:\/\/satlujwebsolution.com\/clients\/ansabg\/wp-json\/wp\/v2\/pages\/621\/revisions\/4690"}],"wp:attachment":[{"href":"https:\/\/satlujwebsolution.com\/clients\/ansabg\/wp-json\/wp\/v2\/media?parent=621"}],"curies":[{"name":"wp","href":"https:\/\/api.w.org\/{rel}","templated":true}]}}