{"id":602,"date":"2024-11-28T05:21:00","date_gmt":"2024-11-28T05:21:00","guid":{"rendered":"https:\/\/satlujwebsolution.com\/clients\/ansabg\/?page_id=602"},"modified":"2025-01-08T12:55:25","modified_gmt":"2025-01-08T12:55:25","slug":"cauza-sociala","status":"publish","type":"page","link":"https:\/\/satlujwebsolution.com\/clients\/ansabg\/cauza-sociala\/","title":{"rendered":"cauza sociala"},"content":{"rendered":"\t\t<div data-elementor-type=\"wp-page\" data-elementor-id=\"602\" class=\"elementor elementor-602\" data-elementor-post-type=\"page\">\n\t\t\t\t<div class=\"elementor-element elementor-element-f12295b e-flex e-con-boxed e-con e-parent\" data-id=\"f12295b\" data-element_type=\"container\" data-settings=\"{&quot;background_background&quot;:&quot;classic&quot;}\">\n\t\t\t\t\t<div class=\"e-con-inner\">\n\t\t\t\t<div class=\"elementor-element elementor-element-86e23f7 elementor-widget__width-auto elementor-widget-mobile__width-inherit elementor-widget elementor-widget-heading\" data-id=\"86e23f7\" data-element_type=\"widget\" data-widget_type=\"heading.default\">\n\t\t\t\t<div class=\"elementor-widget-container\">\n\t\t\t\t\t<h2 class=\"elementor-heading-title elementor-size-default\">Cauza social\u0103 a ansa\u2122<\/h2>\t\t\t\t<\/div>\n\t\t\t\t<\/div>\n\t\t\t\t<div class=\"elementor-element elementor-element-8e8e3e7 elementor-widget elementor-widget-text-editor\" data-id=\"8e8e3e7\" data-element_type=\"widget\" data-widget_type=\"text-editor.default\">\n\t\t\t\t<div class=\"elementor-widget-container\">\n\t\t\t\t\t\t\t\t\t<p>Marca noastr\u0103 este dedicat\u0103 unui scop mai mare dec\u00e2t simpla oferire de produse de calitate. Credem c\u0103 afacerea are puterea \u0219i responsabilitatea de a aduce schimb\u0103ri pozitive \u00een societate. De aceea, cu fiecare achizi\u021bie f\u0103cut\u0103 din magazinul nostru, nu doar c\u0103 sus\u021bine\u021bi un brand nou \u0219i inovativ, dar contribui\u021bi \u0219i la o cauz\u0103 important\u0103.<\/p><p>Am ales s\u0103 sus\u021binem Funda\u021bia Bulgarian\u0103 pentru Femei, deoarece credem \u00een puterea femeilor \u0219i \u00een poten\u021bialul lor de a schimba lumea \u00een bine. Funda\u021bia Bulgarian\u0103 pentru Femei lucreaz\u0103 neobosit pentru promovarea egalit\u0103\u021bii de gen, protec\u021bia drepturilor femeilor \u0219i sprijinirea \u00eemputernicirii lor sociale \u0219i economice. Ei sus\u021bin diverse ini\u021biative \u0219i proiecte care urm\u0103resc s\u0103 creeze o societate \u00een care fiecare femeie are oportunit\u0103\u021bi egale de dezvoltare \u0219i succes.<\/p><p>De\u0219i suntem un brand nou \u0219i \u00eenc\u0103 nu am adunat suficiente fonduri pentru dona\u021bii semnificative, angajamentul nostru fa\u021b\u0103 de aceast\u0103 cauz\u0103 este puternic \u0219i neclintit. Lucr\u0103m activ pentru a cre\u0219te v\u00e2nz\u0103rile, astfel \u00eenc\u00e2t s\u0103 putem oferi ajutor real \u0219i sus\u021binere Funda\u021biei Bulg\u0103re\u0219ti pentru Femei. Credem c\u0103, cu timpul \u0219i cu sprijinul vostru, vom reu\u0219i s\u0103 facem o diferen\u021b\u0103 semnificativ\u0103 \u00een via\u021ba multor femei din Bulgaria.<\/p><p>Fiecare achizi\u021bie f\u0103cut\u0103 de voi este un pas \u00eenainte \u00een atingerea scopului nostru comun \u2013 o lume \u00een care femeile au drepturi \u0219i oportunit\u0103\u021bi egale. Suntem m\u00e2ndri s\u0103 facem parte din aceast\u0103 misiune important\u0103 \u0219i suntem recunosc\u0103tori tuturor clien\u021bilor no\u0219tri care ne ajut\u0103 s\u0103 o realiz\u0103m. \u00cempreun\u0103 putem face o schimbare care s\u0103 lase o amprent\u0103 de durat\u0103 asupra viitorului femeilor din Bulgaria.<\/p>\t\t\t\t\t\t\t\t<\/div>\n\t\t\t\t<\/div>\n\t\t\t\t\t<\/div>\n\t\t\t\t<\/div>\n\t\t<div class=\"elementor-element elementor-element-954dcb0 e-flex e-con-boxed e-con e-parent\" data-id=\"954dcb0\" data-element_type=\"container\">\n\t\t\t\t\t<div class=\"e-con-inner\">\n\t\t\t\t\t<\/div>\n\t\t\t\t<\/div>\n\t\t<div class=\"elementor-element elementor-element-306e854 social_page_section e-flex e-con-boxed e-con e-parent\" data-id=\"306e854\" data-element_type=\"container\">\n\t\t\t\t\t<div class=\"e-con-inner\">\n\t\t<div class=\"elementor-element elementor-element-8f8a1dc e-con-full e-flex e-con e-child\" data-id=\"8f8a1dc\" data-element_type=\"container\">\n\t\t\t\t<div class=\"elementor-element elementor-element-2785298 elementor-headline--style-highlight elementor-widget elementor-widget-animated-headline\" data-id=\"2785298\" data-element_type=\"widget\" data-settings=\"{&quot;marker&quot;:&quot;curly&quot;,&quot;highlighted_text&quot;:&quot;Exploreaz\\u0103 ofertele!&quot;,&quot;headline_style&quot;:&quot;highlight&quot;,&quot;loop&quot;:&quot;yes&quot;,&quot;highlight_animation_duration&quot;:1200,&quot;highlight_iteration_delay&quot;:8000}\" data-widget_type=\"animated-headline.default\">\n\t\t\t\t<div class=\"elementor-widget-container\">\n\t\t\t\t\t\t\t<h3 class=\"elementor-headline\">\n\t\t\t\t\t<span class=\"elementor-headline-plain-text elementor-headline-text-wrapper\">Vrei \u0219i tu s\u0103 aju\u021bi? <br><\/span>\n\t\t\t\t<span class=\"elementor-headline-dynamic-wrapper elementor-headline-text-wrapper\">\n\t\t\t\t\t<span class=\"elementor-headline-dynamic-text elementor-headline-text-active\">Exploreaz\u0103 ofertele!<\/span>\n\t\t\t\t<\/span>\n\t\t\t\t<\/h3>\n\t\t\t\t\t\t<\/div>\n\t\t\t\t<\/div>\n\t\t\t\t<\/div>\n\t\t<div class=\"elementor-element elementor-element-c8420c4 e-con-full e-flex e-con e-child\" data-id=\"c8420c4\" data-element_type=\"container\">\n\t\t\t\t<div class=\"elementor-element elementor-element-00da806 elementor-grid-1 elementor-grid-tablet-1 elementor-grid-mobile-1 elementor-products-grid elementor-wc-products elementor-widget elementor-widget-woocommerce-products\" data-id=\"00da806\" data-element_type=\"widget\" data-widget_type=\"woocommerce-products.default\">\n\t\t\t\t<div class=\"elementor-widget-container\">\n\t\t\t\t\t<div class=\"woocommerce columns-1 \">\r\n<ul class=\"products elementor-grid oceanwp-row clr grid\">\r\n<li class=\"entry has-media has-product-nav col span_1_of_1 owp-content-center owp-thumbs-layout-horizontal owp-btn-normal owp-tabs-layout-horizontal product type-product post-201 status-publish first instock product_cat-greens product_cat-verzi-si-superalimente product_cat-22 product_tag-newgreen has-post-thumbnail sale shipping-taxable purchasable product-type-variable has-default-attributes\">\n\t<div class=\"product-inner clr\">\r\n\t<div class=\"woo-entry-image-swap woo-entry-image clr\">\r\n\t\t<a href=\"https:\/\/satlujwebsolution.com\/clients\/ansabg\/product\/ansa-daily-greens\/\" class=\"woocommerce-LoopProduct-link\"><img fetchpriority=\"high\" decoding=\"async\" width=\"300\" height=\"300\" src=\"https:\/\/satlujwebsolution.com\/clients\/ansabg\/wp-content\/uploads\/2024\/11\/Firstimg-greens-300x300.jpg\" class=\"woo-entry-image-main\" alt=\"ansa\u2122 &#8211; Daily Greens\" itemprop=\"image\" srcset=\"https:\/\/satlujwebsolution.com\/clients\/ansabg\/wp-content\/uploads\/2024\/11\/Firstimg-greens-300x300.jpg 300w, https:\/\/satlujwebsolution.com\/clients\/ansabg\/wp-content\/uploads\/2024\/11\/Firstimg-greens-100x100.jpg 100w, https:\/\/satlujwebsolution.com\/clients\/ansabg\/wp-content\/uploads\/2024\/11\/Firstimg-greens-600x600.jpg 600w, https:\/\/satlujwebsolution.com\/clients\/ansabg\/wp-content\/uploads\/2024\/11\/Firstimg-greens-150x150.jpg 150w, https:\/\/satlujwebsolution.com\/clients\/ansabg\/wp-content\/uploads\/2024\/11\/Firstimg-greens-768x768.jpg 768w, https:\/\/satlujwebsolution.com\/clients\/ansabg\/wp-content\/uploads\/2024\/11\/Firstimg-greens.jpg 1020w\" sizes=\"(max-width: 300px) 100vw, 300px\" \/><img decoding=\"async\" width=\"300\" height=\"300\" src=\"https:\/\/satlujwebsolution.com\/clients\/ansabg\/wp-content\/uploads\/2024\/11\/Second-image-dailygreens-300x300.jpg\" class=\"woo-entry-image-secondary\" alt=\"ansa\u2122 &#8211; Daily Greens\" itemprop=\"image\" srcset=\"https:\/\/satlujwebsolution.com\/clients\/ansabg\/wp-content\/uploads\/2024\/11\/Second-image-dailygreens-300x300.jpg 300w, https:\/\/satlujwebsolution.com\/clients\/ansabg\/wp-content\/uploads\/2024\/11\/Second-image-dailygreens-100x100.jpg 100w, https:\/\/satlujwebsolution.com\/clients\/ansabg\/wp-content\/uploads\/2024\/11\/Second-image-dailygreens-600x600.jpg 600w, https:\/\/satlujwebsolution.com\/clients\/ansabg\/wp-content\/uploads\/2024\/11\/Second-image-dailygreens-150x150.jpg 150w, https:\/\/satlujwebsolution.com\/clients\/ansabg\/wp-content\/uploads\/2024\/11\/Second-image-dailygreens-768x768.jpg 768w, https:\/\/satlujwebsolution.com\/clients\/ansabg\/wp-content\/uploads\/2024\/11\/Second-image-dailygreens.jpg 1020w\" sizes=\"(max-width: 300px) 100vw, 300px\" \/><\/a><a href=\"#\" id=\"product_id_201\" class=\"owp-quick-view\" data-product_id=\"201\" aria-label=\"Quickly preview product ansa\u2122 - Daily Greens\"><i class=\" icon-eye\" aria-hidden=\"true\" role=\"img\"><\/i> Quick View<\/a>\t<\/div><!-- .woo-entry-image-swap -->\r\n\r\n<div class='jdgm-widget jdgm-preview-badge' data-id='201'>\n\t<\/div>\n<div class=\"sp-smart-brand-single-product\"><div class=\"sp-smart-brand-content-wrapper\">Brand : <div class=\"sp-smart-brand-name text-center\">\n\t\t<a class=\"sp-brand-name\" href=\"https:\/\/satlujwebsolution.com\/clients\/ansabg\/product-brands\/this-subtitle-3\/\">\n\t\tThis Subtitle 3\t<\/a>\n\t<\/div>\n<\/div><\/div><ul class=\"woo-entry-inner clr\"><li class=\"image-wrap\">\n\t<span class=\"onsale\">Sale!<\/span>\n\t\r\n\t<div class=\"woo-entry-image-swap woo-entry-image clr\">\r\n\t\t<a href=\"https:\/\/satlujwebsolution.com\/clients\/ansabg\/product\/ansa-daily-greens\/\" class=\"woocommerce-LoopProduct-link\"><img fetchpriority=\"high\" decoding=\"async\" width=\"300\" height=\"300\" src=\"https:\/\/satlujwebsolution.com\/clients\/ansabg\/wp-content\/uploads\/2024\/11\/Firstimg-greens-300x300.jpg\" class=\"woo-entry-image-main\" alt=\"ansa\u2122 &#8211; Daily Greens\" itemprop=\"image\" srcset=\"https:\/\/satlujwebsolution.com\/clients\/ansabg\/wp-content\/uploads\/2024\/11\/Firstimg-greens-300x300.jpg 300w, https:\/\/satlujwebsolution.com\/clients\/ansabg\/wp-content\/uploads\/2024\/11\/Firstimg-greens-100x100.jpg 100w, https:\/\/satlujwebsolution.com\/clients\/ansabg\/wp-content\/uploads\/2024\/11\/Firstimg-greens-600x600.jpg 600w, https:\/\/satlujwebsolution.com\/clients\/ansabg\/wp-content\/uploads\/2024\/11\/Firstimg-greens-150x150.jpg 150w, https:\/\/satlujwebsolution.com\/clients\/ansabg\/wp-content\/uploads\/2024\/11\/Firstimg-greens-768x768.jpg 768w, https:\/\/satlujwebsolution.com\/clients\/ansabg\/wp-content\/uploads\/2024\/11\/Firstimg-greens.jpg 1020w\" sizes=\"(max-width: 300px) 100vw, 300px\" \/><img decoding=\"async\" width=\"300\" height=\"300\" src=\"https:\/\/satlujwebsolution.com\/clients\/ansabg\/wp-content\/uploads\/2024\/11\/Second-image-dailygreens-300x300.jpg\" class=\"woo-entry-image-secondary\" alt=\"ansa\u2122 &#8211; Daily Greens\" itemprop=\"image\" srcset=\"https:\/\/satlujwebsolution.com\/clients\/ansabg\/wp-content\/uploads\/2024\/11\/Second-image-dailygreens-300x300.jpg 300w, https:\/\/satlujwebsolution.com\/clients\/ansabg\/wp-content\/uploads\/2024\/11\/Second-image-dailygreens-100x100.jpg 100w, https:\/\/satlujwebsolution.com\/clients\/ansabg\/wp-content\/uploads\/2024\/11\/Second-image-dailygreens-600x600.jpg 600w, https:\/\/satlujwebsolution.com\/clients\/ansabg\/wp-content\/uploads\/2024\/11\/Second-image-dailygreens-150x150.jpg 150w, https:\/\/satlujwebsolution.com\/clients\/ansabg\/wp-content\/uploads\/2024\/11\/Second-image-dailygreens-768x768.jpg 768w, https:\/\/satlujwebsolution.com\/clients\/ansabg\/wp-content\/uploads\/2024\/11\/Second-image-dailygreens.jpg 1020w\" sizes=\"(max-width: 300px) 100vw, 300px\" \/><\/a><a href=\"#\" id=\"product_id_201\" class=\"owp-quick-view\" data-product_id=\"201\" aria-label=\"Quickly preview product ansa\u2122 - Daily Greens\"><i class=\" icon-eye\" aria-hidden=\"true\" role=\"img\"><\/i> Quick View<\/a>\t<\/div><!-- .woo-entry-image-swap -->\r\n\r\n<\/li><li class=\"category\"><a href=\"https:\/\/satlujwebsolution.com\/clients\/ansabg\/product-category\/greens\/\" rel=\"tag\">Greens<\/a>, <a href=\"https:\/\/satlujwebsolution.com\/clients\/ansabg\/product-category\/verzi-si-superalimente\/\" rel=\"tag\">Verzi \u0219i Superalimente<\/a>, <a href=\"https:\/\/satlujwebsolution.com\/clients\/ansabg\/product-category\/%d0%bc%d0%b5%d0%b3%d0%b0%d1%85%d1%80%d0%b0%d0%bd%d0%b8\/\" rel=\"tag\">\u043c\u0435\u0433\u0430\u0445\u0440\u0430\u043d\u0438<\/a><\/li><li class=\"title\"><h2><a href=\"https:\/\/satlujwebsolution.com\/clients\/ansabg\/product\/ansa-daily-greens\/\">ansa\u2122 &#8211; Daily Greens<\/a><\/h2><\/li><li class=\"price-wrap\">\n\t<span class=\"price\"><span class=\"woocommerce-Price-amount amount\"><bdi>59.90&nbsp;<span class=\"woocommerce-Price-currencySymbol\">&#1083;&#1074;.<\/span><\/bdi><\/span> &ndash; <span class=\"woocommerce-Price-amount amount\"><bdi>137.70&nbsp;<span class=\"woocommerce-Price-currencySymbol\">&#1083;&#1074;.<\/span><\/bdi><\/span><\/span>\n<\/li><li class=\"rating\"><\/li><li class=\"btn-wrap clr\"><a href=\"https:\/\/satlujwebsolution.com\/clients\/ansabg\/product\/ansa-daily-greens\/\" aria-describedby=\"woocommerce_loop_add_to_cart_link_describedby_201\" data-quantity=\"1\" class=\"button product_type_variable add_to_cart_button\" data-product_id=\"201\" data-product_sku=\"prod001\" aria-label=\"Select options\" rel=\"nofollow\">Select options<\/a>\t<span id=\"woocommerce_loop_add_to_cart_link_describedby_201\" class=\"screen-reader-text\">\n\t\tThis product has multiple variants. The options may be chosen on the product page\t<\/span>\n<\/li><\/ul><\/div><!-- .product-inner .clr --><\/li>\n<\/ul>\n<\/div>\t\t\t\t<\/div>\n\t\t\t\t<\/div>\n\t\t\t\t<\/div>\n\t\t<div class=\"elementor-element elementor-element-5b6003e e-con-full e-flex e-con e-child\" data-id=\"5b6003e\" data-element_type=\"container\">\n\t\t\t\t<div class=\"elementor-element elementor-element-22f3802 elementor-grid-1 elementor-grid-tablet-1 elementor-grid-mobile-1 elementor-products-grid elementor-wc-products elementor-widget elementor-widget-woocommerce-products\" data-id=\"22f3802\" data-element_type=\"widget\" data-widget_type=\"woocommerce-products.default\">\n\t\t\t\t<div class=\"elementor-widget-container\">\n\t\t\t\t\t<div class=\"woocommerce columns-1 \">\r\n<ul class=\"products elementor-grid oceanwp-row clr grid\">\r\n<li class=\"entry has-media has-product-nav col span_1_of_1 owp-content-center owp-thumbs-layout-horizontal owp-btn-normal owp-tabs-layout-horizontal product type-product post-200 status-publish first instock product_cat-verzi-si-superalimente product_cat-wellness product_cat-22 product_tag-red-routine-live has-post-thumbnail sale shipping-taxable purchasable product-type-variable has-default-attributes\">\n\t<div class=\"product-inner clr\">\r\n\t<div class=\"woo-entry-image-swap woo-entry-image clr\">\r\n\t\t<a href=\"https:\/\/satlujwebsolution.com\/clients\/ansabg\/product\/ansa-red-routine\/\" class=\"woocommerce-LoopProduct-link\"><img decoding=\"async\" width=\"300\" height=\"300\" src=\"https:\/\/satlujwebsolution.com\/clients\/ansabg\/wp-content\/uploads\/2024\/11\/reds-new-heading-img-300x300.jpg\" class=\"woo-entry-image-main\" alt=\"ansa\u2122 \u2013 Red Routine\" itemprop=\"image\" srcset=\"https:\/\/satlujwebsolution.com\/clients\/ansabg\/wp-content\/uploads\/2024\/11\/reds-new-heading-img-300x300.jpg 300w, https:\/\/satlujwebsolution.com\/clients\/ansabg\/wp-content\/uploads\/2024\/11\/reds-new-heading-img-100x100.jpg 100w, https:\/\/satlujwebsolution.com\/clients\/ansabg\/wp-content\/uploads\/2024\/11\/reds-new-heading-img-600x600.jpg 600w, https:\/\/satlujwebsolution.com\/clients\/ansabg\/wp-content\/uploads\/2024\/11\/reds-new-heading-img-1024x1024.jpg 1024w, https:\/\/satlujwebsolution.com\/clients\/ansabg\/wp-content\/uploads\/2024\/11\/reds-new-heading-img-150x150.jpg 150w, https:\/\/satlujwebsolution.com\/clients\/ansabg\/wp-content\/uploads\/2024\/11\/reds-new-heading-img-768x768.jpg 768w, https:\/\/satlujwebsolution.com\/clients\/ansabg\/wp-content\/uploads\/2024\/11\/reds-new-heading-img.jpg 1200w\" sizes=\"(max-width: 300px) 100vw, 300px\" \/><img loading=\"lazy\" decoding=\"async\" width=\"300\" height=\"300\" src=\"https:\/\/satlujwebsolution.com\/clients\/ansabg\/wp-content\/uploads\/2024\/11\/reds-1-img-300x300.jpg\" class=\"woo-entry-image-secondary\" alt=\"ansa\u2122 \u2013 Red Routine\" itemprop=\"image\" srcset=\"https:\/\/satlujwebsolution.com\/clients\/ansabg\/wp-content\/uploads\/2024\/11\/reds-1-img-300x300.jpg 300w, https:\/\/satlujwebsolution.com\/clients\/ansabg\/wp-content\/uploads\/2024\/11\/reds-1-img-100x100.jpg 100w, https:\/\/satlujwebsolution.com\/clients\/ansabg\/wp-content\/uploads\/2024\/11\/reds-1-img-600x600.jpg 600w, https:\/\/satlujwebsolution.com\/clients\/ansabg\/wp-content\/uploads\/2024\/11\/reds-1-img-1024x1024.jpg 1024w, https:\/\/satlujwebsolution.com\/clients\/ansabg\/wp-content\/uploads\/2024\/11\/reds-1-img-150x150.jpg 150w, https:\/\/satlujwebsolution.com\/clients\/ansabg\/wp-content\/uploads\/2024\/11\/reds-1-img-768x768.jpg 768w, https:\/\/satlujwebsolution.com\/clients\/ansabg\/wp-content\/uploads\/2024\/11\/reds-1-img.jpg 1200w\" sizes=\"(max-width: 300px) 100vw, 300px\" \/><\/a><a href=\"#\" id=\"product_id_200\" class=\"owp-quick-view\" data-product_id=\"200\" aria-label=\"Quickly preview product ansa\u2122 \u2013 Red Routine\"><i class=\" icon-eye\" aria-hidden=\"true\" role=\"img\"><\/i> Quick View<\/a>\t<\/div><!-- .woo-entry-image-swap -->\r\n\r\n<div class='jdgm-widget jdgm-preview-badge' data-id='200'>\n\t<\/div>\n<div class=\"sp-smart-brand-single-product\"><div class=\"sp-smart-brand-content-wrapper\">Brand : <div class=\"sp-smart-brand-name text-center\">\n\t\t<a class=\"sp-brand-name\" href=\"https:\/\/satlujwebsolution.com\/clients\/ansabg\/product-brands\/this-subtitle-2\/\">\n\t\tThis Subtitle 2\t<\/a>\n\t<\/div>\n<\/div><\/div><ul class=\"woo-entry-inner clr\"><li class=\"image-wrap\">\n\t<span class=\"onsale\">Sale!<\/span>\n\t\r\n\t<div class=\"woo-entry-image-swap woo-entry-image clr\">\r\n\t\t<a href=\"https:\/\/satlujwebsolution.com\/clients\/ansabg\/product\/ansa-red-routine\/\" class=\"woocommerce-LoopProduct-link\"><img decoding=\"async\" width=\"300\" height=\"300\" src=\"https:\/\/satlujwebsolution.com\/clients\/ansabg\/wp-content\/uploads\/2024\/11\/reds-new-heading-img-300x300.jpg\" class=\"woo-entry-image-main\" alt=\"ansa\u2122 \u2013 Red Routine\" itemprop=\"image\" srcset=\"https:\/\/satlujwebsolution.com\/clients\/ansabg\/wp-content\/uploads\/2024\/11\/reds-new-heading-img-300x300.jpg 300w, https:\/\/satlujwebsolution.com\/clients\/ansabg\/wp-content\/uploads\/2024\/11\/reds-new-heading-img-100x100.jpg 100w, https:\/\/satlujwebsolution.com\/clients\/ansabg\/wp-content\/uploads\/2024\/11\/reds-new-heading-img-600x600.jpg 600w, https:\/\/satlujwebsolution.com\/clients\/ansabg\/wp-content\/uploads\/2024\/11\/reds-new-heading-img-1024x1024.jpg 1024w, https:\/\/satlujwebsolution.com\/clients\/ansabg\/wp-content\/uploads\/2024\/11\/reds-new-heading-img-150x150.jpg 150w, https:\/\/satlujwebsolution.com\/clients\/ansabg\/wp-content\/uploads\/2024\/11\/reds-new-heading-img-768x768.jpg 768w, https:\/\/satlujwebsolution.com\/clients\/ansabg\/wp-content\/uploads\/2024\/11\/reds-new-heading-img.jpg 1200w\" sizes=\"(max-width: 300px) 100vw, 300px\" \/><img loading=\"lazy\" decoding=\"async\" width=\"300\" height=\"300\" src=\"https:\/\/satlujwebsolution.com\/clients\/ansabg\/wp-content\/uploads\/2024\/11\/reds-1-img-300x300.jpg\" class=\"woo-entry-image-secondary\" alt=\"ansa\u2122 \u2013 Red Routine\" itemprop=\"image\" srcset=\"https:\/\/satlujwebsolution.com\/clients\/ansabg\/wp-content\/uploads\/2024\/11\/reds-1-img-300x300.jpg 300w, https:\/\/satlujwebsolution.com\/clients\/ansabg\/wp-content\/uploads\/2024\/11\/reds-1-img-100x100.jpg 100w, https:\/\/satlujwebsolution.com\/clients\/ansabg\/wp-content\/uploads\/2024\/11\/reds-1-img-600x600.jpg 600w, https:\/\/satlujwebsolution.com\/clients\/ansabg\/wp-content\/uploads\/2024\/11\/reds-1-img-1024x1024.jpg 1024w, https:\/\/satlujwebsolution.com\/clients\/ansabg\/wp-content\/uploads\/2024\/11\/reds-1-img-150x150.jpg 150w, https:\/\/satlujwebsolution.com\/clients\/ansabg\/wp-content\/uploads\/2024\/11\/reds-1-img-768x768.jpg 768w, https:\/\/satlujwebsolution.com\/clients\/ansabg\/wp-content\/uploads\/2024\/11\/reds-1-img.jpg 1200w\" sizes=\"(max-width: 300px) 100vw, 300px\" \/><\/a><a href=\"#\" id=\"product_id_200\" class=\"owp-quick-view\" data-product_id=\"200\" aria-label=\"Quickly preview product ansa\u2122 \u2013 Red Routine\"><i class=\" icon-eye\" aria-hidden=\"true\" role=\"img\"><\/i> Quick View<\/a>\t<\/div><!-- .woo-entry-image-swap -->\r\n\r\n<\/li><li class=\"category\"><a href=\"https:\/\/satlujwebsolution.com\/clients\/ansabg\/product-category\/verzi-si-superalimente\/\" rel=\"tag\">Verzi \u0219i Superalimente<\/a>, <a href=\"https:\/\/satlujwebsolution.com\/clients\/ansabg\/product-category\/wellness\/\" rel=\"tag\">Wellness<\/a>, <a href=\"https:\/\/satlujwebsolution.com\/clients\/ansabg\/product-category\/%d0%bc%d0%b5%d0%b3%d0%b0%d1%85%d1%80%d0%b0%d0%bd%d0%b8\/\" rel=\"tag\">\u043c\u0435\u0433\u0430\u0445\u0440\u0430\u043d\u0438<\/a><\/li><li class=\"title\"><h2><a href=\"https:\/\/satlujwebsolution.com\/clients\/ansabg\/product\/ansa-red-routine\/\">ansa\u2122 \u2013 Red Routine<\/a><\/h2><\/li><li class=\"price-wrap\">\n\t<span class=\"price\"><span class=\"woocommerce-Price-amount amount\"><bdi>53.99&nbsp;<span class=\"woocommerce-Price-currencySymbol\">&#1083;&#1074;.<\/span><\/bdi><\/span> &ndash; <span class=\"woocommerce-Price-amount amount\"><bdi>134.97&nbsp;<span class=\"woocommerce-Price-currencySymbol\">&#1083;&#1074;.<\/span><\/bdi><\/span><\/span>\n<\/li><li class=\"rating\"><\/li><li class=\"btn-wrap clr\"><a href=\"https:\/\/satlujwebsolution.com\/clients\/ansabg\/product\/ansa-red-routine\/\" aria-describedby=\"woocommerce_loop_add_to_cart_link_describedby_200\" data-quantity=\"1\" class=\"button product_type_variable add_to_cart_button\" data-product_id=\"200\" data-product_sku=\"prod002\" aria-label=\"Select options\" rel=\"nofollow\">Select options<\/a>\t<span id=\"woocommerce_loop_add_to_cart_link_describedby_200\" class=\"screen-reader-text\">\n\t\tThis product has multiple variants. The options may be chosen on the product page\t<\/span>\n<\/li><\/ul><\/div><!-- .product-inner .clr --><\/li>\n<\/ul>\n<\/div>\t\t\t\t<\/div>\n\t\t\t\t<\/div>\n\t\t\t\t<\/div>\n\t\t\t\t\t<\/div>\n\t\t\t\t<\/div>\n\t\t\t\t<\/div>\n\t\t","protected":false},"excerpt":{"rendered":"<p>Cauza social\u0103 a ansa\u2122 Marca noastr\u0103 este dedicat\u0103 unui scop mai mare dec\u00e2t simpla oferire de produse de calitate. Credem c\u0103 afacerea are puterea \u0219i responsabilitatea de a aduce schimb\u0103ri pozitive \u00een societate. De aceea, cu fiecare achizi\u021bie f\u0103cut\u0103 din magazinul nostru, nu doar c\u0103 sus\u021bine\u021bi un brand nou \u0219i inovativ, dar contribui\u021bi \u0219i la [&hellip;]<\/p>\n","protected":false},"author":1,"featured_media":0,"parent":0,"menu_order":0,"comment_status":"closed","ping_status":"closed","template":"elementor_header_footer","meta":{"_acf_changed":false,"ocean_post_layout":"","ocean_both_sidebars_style":"","ocean_both_sidebars_content_width":0,"ocean_both_sidebars_sidebars_width":0,"ocean_sidebar":"0","ocean_second_sidebar":"0","ocean_disable_margins":"enable","ocean_add_body_class":"","ocean_shortcode_before_top_bar":"","ocean_shortcode_after_top_bar":"","ocean_shortcode_before_header":"","ocean_shortcode_after_header":"","ocean_has_shortcode":"","ocean_shortcode_after_title":"","ocean_shortcode_before_footer_widgets":"","ocean_shortcode_after_footer_widgets":"","ocean_shortcode_before_footer_bottom":"","ocean_shortcode_after_footer_bottom":"","ocean_display_top_bar":"default","ocean_display_header":"default","ocean_header_style":"","ocean_center_header_left_menu":"0","ocean_custom_header_template":"0","ocean_custom_logo":0,"ocean_custom_retina_logo":0,"ocean_custom_logo_max_width":0,"ocean_custom_logo_tablet_max_width":0,"ocean_custom_logo_mobile_max_width":0,"ocean_custom_logo_max_height":0,"ocean_custom_logo_tablet_max_height":0,"ocean_custom_logo_mobile_max_height":0,"ocean_header_custom_menu":"0","ocean_menu_typo_font_family":"0","ocean_menu_typo_font_subset":"","ocean_menu_typo_font_size":0,"ocean_menu_typo_font_size_tablet":0,"ocean_menu_typo_font_size_mobile":0,"ocean_menu_typo_font_size_unit":"px","ocean_menu_typo_font_weight":"","ocean_menu_typo_font_weight_tablet":"","ocean_menu_typo_font_weight_mobile":"","ocean_menu_typo_transform":"","ocean_menu_typo_transform_tablet":"","ocean_menu_typo_transform_mobile":"","ocean_menu_typo_line_height":0,"ocean_menu_typo_line_height_tablet":0,"ocean_menu_typo_line_height_mobile":0,"ocean_menu_typo_line_height_unit":"","ocean_menu_typo_spacing":0,"ocean_menu_typo_spacing_tablet":0,"ocean_menu_typo_spacing_mobile":0,"ocean_menu_typo_spacing_unit":"","ocean_menu_link_color":"","ocean_menu_link_color_hover":"","ocean_menu_link_color_active":"","ocean_menu_link_background":"","ocean_menu_link_hover_background":"","ocean_menu_link_active_background":"","ocean_menu_social_links_bg":"","ocean_menu_social_hover_links_bg":"","ocean_menu_social_links_color":"","ocean_menu_social_hover_links_color":"","ocean_disable_title":"default","ocean_disable_heading":"default","ocean_post_title":"","ocean_post_subheading":"","ocean_post_title_style":"","ocean_post_title_background_color":"","ocean_post_title_background":0,"ocean_post_title_bg_image_position":"","ocean_post_title_bg_image_attachment":"","ocean_post_title_bg_image_repeat":"","ocean_post_title_bg_image_size":"","ocean_post_title_height":0,"ocean_post_title_bg_overlay":0.5,"ocean_post_title_bg_overlay_color":"","ocean_disable_breadcrumbs":"default","ocean_breadcrumbs_color":"","ocean_breadcrumbs_separator_color":"","ocean_breadcrumbs_links_color":"","ocean_breadcrumbs_links_hover_color":"","ocean_display_footer_widgets":"default","ocean_display_footer_bottom":"default","ocean_custom_footer_template":"0","footnotes":""},"class_list":["post-602","page","type-page","status-publish","hentry","entry","owp-thumbs-layout-horizontal","owp-btn-normal","owp-tabs-layout-horizontal","has-no-thumbnails","has-product-nav"],"acf":[],"jetpack_sharing_enabled":true,"_links":{"self":[{"href":"https:\/\/satlujwebsolution.com\/clients\/ansabg\/wp-json\/wp\/v2\/pages\/602","targetHints":{"allow":["GET"]}}],"collection":[{"href":"https:\/\/satlujwebsolution.com\/clients\/ansabg\/wp-json\/wp\/v2\/pages"}],"about":[{"href":"https:\/\/satlujwebsolution.com\/clients\/ansabg\/wp-json\/wp\/v2\/types\/page"}],"author":[{"embeddable":true,"href":"https:\/\/satlujwebsolution.com\/clients\/ansabg\/wp-json\/wp\/v2\/users\/1"}],"replies":[{"embeddable":true,"href":"https:\/\/satlujwebsolution.com\/clients\/ansabg\/wp-json\/wp\/v2\/comments?post=602"}],"version-history":[{"count":166,"href":"https:\/\/satlujwebsolution.com\/clients\/ansabg\/wp-json\/wp\/v2\/pages\/602\/revisions"}],"predecessor-version":[{"id":4228,"href":"https:\/\/satlujwebsolution.com\/clients\/ansabg\/wp-json\/wp\/v2\/pages\/602\/revisions\/4228"}],"wp:attachment":[{"href":"https:\/\/satlujwebsolution.com\/clients\/ansabg\/wp-json\/wp\/v2\/media?parent=602"}],"curies":[{"name":"wp","href":"https:\/\/api.w.org\/{rel}","templated":true}]}}