{"id":577,"date":"2024-11-27T12:18:34","date_gmt":"2024-11-27T12:18:34","guid":{"rendered":"https:\/\/satlujwebsolution.com\/clients\/ansabg\/?page_id=577"},"modified":"2025-01-09T11:18:58","modified_gmt":"2025-01-09T11:18:58","slug":"asa-am-creat-ansa","status":"publish","type":"page","link":"https:\/\/satlujwebsolution.com\/clients\/ansabg\/asa-am-creat-ansa\/","title":{"rendered":"A\u0219a am creat ANSA"},"content":{"rendered":"\t\t<div data-elementor-type=\"wp-page\" data-elementor-id=\"577\" class=\"elementor elementor-577\" data-elementor-post-type=\"page\">\n\t\t\t\t<div class=\"elementor-element elementor-element-49969a8 e-flex e-con-boxed e-con e-parent\" data-id=\"49969a8\" data-element_type=\"container\" data-settings=\"{&quot;background_background&quot;:&quot;classic&quot;}\">\n\t\t\t\t\t<div class=\"e-con-inner\">\n\t\t<div class=\"elementor-element elementor-element-991188b e-con-full e-flex e-con e-child\" data-id=\"991188b\" data-element_type=\"container\">\n\t\t\t\t<div class=\"elementor-element elementor-element-b5cb287 elementor-widget elementor-widget-image\" data-id=\"b5cb287\" data-element_type=\"widget\" data-widget_type=\"image.default\">\n\t\t\t\t<div class=\"elementor-widget-container\">\n\t\t\t\t\t\t\t\t\t\t\t\t\t\t\t<img fetchpriority=\"high\" decoding=\"async\" width=\"1024\" height=\"1024\" src=\"https:\/\/satlujwebsolution.com\/clients\/ansabg\/wp-content\/uploads\/2024\/11\/single-grid-kate-1024x1024.jpg\" class=\"attachment-large size-large wp-image-579\" alt=\"\" srcset=\"https:\/\/satlujwebsolution.com\/clients\/ansabg\/wp-content\/uploads\/2024\/11\/single-grid-kate-1024x1024.jpg 1024w, https:\/\/satlujwebsolution.com\/clients\/ansabg\/wp-content\/uploads\/2024\/11\/single-grid-kate-300x300.jpg 300w, https:\/\/satlujwebsolution.com\/clients\/ansabg\/wp-content\/uploads\/2024\/11\/single-grid-kate-150x150.jpg 150w, https:\/\/satlujwebsolution.com\/clients\/ansabg\/wp-content\/uploads\/2024\/11\/single-grid-kate-768x768.jpg 768w, https:\/\/satlujwebsolution.com\/clients\/ansabg\/wp-content\/uploads\/2024\/11\/single-grid-kate-600x600.jpg 600w, https:\/\/satlujwebsolution.com\/clients\/ansabg\/wp-content\/uploads\/2024\/11\/single-grid-kate-100x100.jpg 100w, https:\/\/satlujwebsolution.com\/clients\/ansabg\/wp-content\/uploads\/2024\/11\/single-grid-kate.jpg 1280w\" sizes=\"(max-width: 1024px) 100vw, 1024px\" \/>\t\t\t\t\t\t\t\t\t\t\t\t\t\t\t<\/div>\n\t\t\t\t<\/div>\n\t\t\t\t<\/div>\n\t\t<div class=\"elementor-element elementor-element-337a96c e-con-full bdt-backdrop-filter-yes e-flex e-con e-child\" data-id=\"337a96c\" data-element_type=\"container\" data-settings=\"{&quot;background_background&quot;:&quot;classic&quot;}\">\n\t\t\t\t<div class=\"elementor-element elementor-element-b853b87 elementor-widget__width-auto elementor-widget elementor-widget-heading\" data-id=\"b853b87\" data-element_type=\"widget\" data-widget_type=\"heading.default\">\n\t\t\t\t<div class=\"elementor-widget-container\">\n\t\t\t\t\t<h2 class=\"elementor-heading-title elementor-size-default\">Aceasta sunt eu, cu produsul meu preferat<\/h2>\t\t\t\t<\/div>\n\t\t\t\t<\/div>\n\t\t\t\t<div class=\"elementor-element elementor-element-5914bbf elementor-widget elementor-widget-heading\" data-id=\"5914bbf\" data-element_type=\"widget\" data-widget_type=\"heading.default\">\n\t\t\t\t<div class=\"elementor-widget-container\">\n\t\t\t\t\t<h2 class=\"elementor-heading-title elementor-size-default\">Povestea (mea) noastr\u0103<\/h2>\t\t\t\t<\/div>\n\t\t\t\t<\/div>\n\t\t\t\t<div class=\"elementor-element elementor-element-63a59da elementor-widget elementor-widget-text-editor\" data-id=\"63a59da\" data-element_type=\"widget\" data-widget_type=\"text-editor.default\">\n\t\t\t\t<div class=\"elementor-widget-container\">\n\t\t\t\t\t\t\t\t\t<p><span style=\"font-weight: 400;\">Bun\u0103 ziua! M\u0103 numesc Ekaterina \u0219i \u00een r\u00e2ndurile urm\u0103toare voi povesti despre istoria mea \u0219i istoria brandului \u2013 ansa.<\/span><\/p>\t\t\t\t\t\t\t\t<\/div>\n\t\t\t\t<\/div>\n\t\t\t\t<div class=\"elementor-element elementor-element-9e6b6a4 elementor-widget elementor-widget-text-editor\" data-id=\"9e6b6a4\" data-element_type=\"widget\" data-widget_type=\"text-editor.default\">\n\t\t\t\t<div class=\"elementor-widget-container\">\n\t\t\t\t\t\t\t\t\t<p>Toat\u0103 via\u021ba mea am \u00eencercat s\u0103 am grij\u0103 de mine c\u00e2t mai bine, iar cei care m\u0103 urm\u0103resc pe Instagram <strong>(@ekaterinabalabanovaa)<\/strong> \u0219tiu c\u0103 nu fac compromisuri. Via\u021ba mea a luat o direc\u021bie care m-a \u00eempins s\u0103 \u00eencerc diferite suplimente alimentare, remedii tradi\u021bionale \u0219i alte daruri ale naturii, pentru a m\u0103 sim\u021bi mai bine.<\/p>\t\t\t\t\t\t\t\t<\/div>\n\t\t\t\t<\/div>\n\t\t\t\t<\/div>\n\t\t\t\t\t<\/div>\n\t\t\t\t<\/div>\n\t\t<div class=\"elementor-element elementor-element-ec1b455 e-flex e-con-boxed e-con e-parent\" data-id=\"ec1b455\" data-element_type=\"container\" data-settings=\"{&quot;background_background&quot;:&quot;classic&quot;}\">\n\t\t\t\t\t<div class=\"e-con-inner\">\n\t\t\t\t<div class=\"elementor-element elementor-element-07737d5 content_custom elementor-widget elementor-widget-text-editor\" data-id=\"07737d5\" data-element_type=\"widget\" data-widget_type=\"text-editor.default\">\n\t\t\t\t<div class=\"elementor-widget-container\">\n\t\t\t\t\t\t\t\t\t<h4><strong><span style=\"color: #ff8346;\">1. De ce am lansat un nou brand de suplimente?<\/span><\/strong><\/h4><p>Am \u00eencercat diferite tipuri de \u201elicori\u201d verzi, germeni \u0219i toate smoothie-urile posibile pe care le po\u021bi prepara acas\u0103. Nu este cel mai pl\u0103cut \u0219i gustos lucru, oric\u00e2t de mult m-am p\u0103c\u0103lit mereu \u00een numele unui stil de via\u021b\u0103 s\u0103n\u0103tos. \ud83d\ude02 \ud83e\udd72<\/p><p>\u00centotdeauna am con\u0219tientizat c\u00e2t de important este s\u0103 avem grij\u0103 de s\u0103n\u0103tatea \u0219i frumuse\u021bea noastr\u0103, dar ca femeie \u0219i mam\u0103, sunt pe deplin con\u0219tient\u0103 \u0219i de c\u00e2t de greu poate fi acest lucru. Dup\u0103 ce am citit un studiu \u0219i am vizionat un documentar pe Netflix (se nume\u0219te <em>Hack Your Health<\/em>, \u00eel recomand cu c\u0103ldur\u0103!) despre intestin \u0219i importan\u021ba acestora, am \u00eenceput s\u0103 reflectez \u00eendelung asupra dietei mele. <strong>M\u0103 hr\u0103nesc variat? Este din cauza asta c\u0103 m\u0103 simt obosit\u0103?<\/strong> Se pare c\u0103 o diet\u0103 monoton\u0103 \u0219i un stil de via\u021b\u0103 neechilibrat te epuizeaz\u0103 literalmente din interior spre exterior. \u00cencerc\u00e2nd s\u0103 am grij\u0103 de mine, m-am lovit de c\u00e2teva \u00eentreb\u0103ri. Iat\u0103 c\u00e2teva dintre ele:<\/p><h4><span style=\"font-size: 14pt; color: #ff8346;\">2. Unde sunt suplimentele pentru femei?<\/span><\/h4><p><strong>Aproape nu exist\u0103<\/strong> suplimente create \u0219i formulate pentru nevoile unice ale corpului feminin. Dac\u0103 nu sunt legate de b\u0103rba\u021bi \u0219i mu\u0219chi, suplimentele sunt adesea promisiuni goale pentru sl\u0103bire, care \u00een cel mai bun caz sunt pur \u0219i simplu ineficiente, iar \u00een cel mai r\u0103u caz, produse d\u0103un\u0103toare \u0219i ilegale. Desigur, exist\u0103 mici excep\u021bii, dar s\u0103 fim sinceri \u2013 ai \u00eent\u00e2lnit un brand destinat femeilor la noi?<\/p><h4><span style=\"font-size: 14pt; color: #ff8346;\"><b>3. Func\u021bioneaz\u0103?<\/b><\/span><\/h4><p><span style=\"font-weight: 400;\">Exist\u0103 dou\u0103 variante de a economisi bani atunci c\u00e2nd produci un supliment \u2013 s\u0103 folose\u0219ti cantit\u0103\u021bi mai mici de ingrediente sau s\u0103 alegi materii prime mai ieftine. \u00cen ambele cazuri, eficien\u021ba este sacrificat\u0103, ceea ce m\u0103 enerveaz\u0103 extrem de mult ca \u0219i consumator, iar eu am fost hot\u0103r\u00e2t\u0103 c\u0103 voi face o schimbare pentru mine \u0219i pentru celelalte fete care g\u00e2ndesc ca mine.<\/span><\/p><h4><span style=\"font-size: 14pt; color: #ff8346;\"><b>4. Pot s\u0103 am \u00eencredere \u00een ele?<\/b><\/span><\/h4><p>Chiar dac\u0103 totul pare \u00een regul\u0103 la prima vedere, am \u00een\u021beles c\u0103 adesea compozi\u021bia nu corespunde cu eticheta, pe pia\u021b\u0103 exist\u0103 falsuri ale unor branduri mari \u0219i tot felul de alte abera\u021bii&#8230;<\/p><p>A\u0219a s-a n\u0103scut ideea pentru ANSA! De fapt, numele \u00eenseamn\u0103 \u201eIubit\u0103, str\u0103lucitoare, t\u00e2n\u0103r\u0103\u201d \u00een arab\u0103. Nu sunt arab\u0103, dar \u00eentotdeauna mi-a pl\u0103cut acest nume. Toate merit\u0103 \u00eengrijire de calitate \u0219i accesibil\u0103, \u00een care s\u0103 avem \u00eencredere, toate merit\u0103 s\u0103 fie iubite, str\u0103lucitoare \u0219i tinere.<\/p><p>Ador misiunea brandului meu \u2013 DE LA FEMEI, PENTRU FEMEI, care s\u0103 ofere \u00eengrijirea de calitate \u0219i accesibil\u0103 pe care o consider c\u0103 orice fat\u0103 o caut\u0103.<\/p><p>Am patru principii de baz\u0103 la care nu voi renun\u021ba:<\/p><ul><li>Totul trebuie s\u0103 fie formulat de exper\u021bi pentru nevoile unice ale femeilor.<\/li><li>Pun pre\u021b pe cele mai bune materii prime.<\/li><li>Voi lucra \u00eentotdeauna cu produc\u0103tori care au cele mai bune practici de produc\u021bie.<\/li><li>F\u0103r\u0103 ingrediente d\u0103un\u0103toare, f\u0103r\u0103 umpluturi \u0219i f\u0103r\u0103 promisiuni goale.<\/li><\/ul><p>Ansa s-a n\u0103scut \u00eentr-o minunat\u0103 fabric\u0103 bulg\u0103reasc\u0103 \u2013 \u201eNUTREND BULGARIA\u201d. Se afl\u0103 \u00een ora\u0219ul Slivnitsa, este imens\u0103, foarte dr\u0103gu\u021b\u0103 \u0219i complet nou\u0103! Are toate certificatele posibile de calitate \u0219i control, inclusiv este \u00eenregistrat\u0103 \u0219i de c\u0103tre agen\u021bia american\u0103 FDA. Nu a fost o sarcin\u0103 u\u0219oar\u0103, dar dup\u0103 aproape un an de munc\u0103 cu o echip\u0103 realmente grozav\u0103, o serie de teste \u0219i modific\u0103ri ale produsului (mul\u021bumesc pentru r\u0103bdare \ud83d\ude02), am reu\u0219it s\u0103 aduc bucurie pentru peste 2000 de femei cu (dup\u0103 p\u0103rerea mea \u0219i a fabricii) cel mai complex supliment pentru s\u0103n\u0103tatea feminin\u0103 \u2013 Ansa Daily Greens. Pot spune cu m\u00e2ndrie c\u0103 reu\u0219im! Acesta este doar \u00eenceputul, abia a\u0219tept s\u0103 v\u0103 \u00eemp\u0103rt\u0103\u0219esc ce urmeaz\u0103!<br \/>V\u0103 dau un mic indiciu: vom avea produse noi \u0219i cosmetice \ud83e\udd2d<\/p>\t\t\t\t\t\t\t\t<\/div>\n\t\t\t\t<\/div>\n\t\t\t\t\t<\/div>\n\t\t\t\t<\/div>\n\t\t\t\t<\/div>\n\t\t","protected":false},"excerpt":{"rendered":"<p>Aceasta sunt eu, cu produsul meu preferat Povestea (mea) noastr\u0103 Bun\u0103 ziua! M\u0103 numesc Ekaterina \u0219i \u00een r\u00e2ndurile urm\u0103toare voi povesti despre istoria mea \u0219i istoria brandului \u2013 ansa. Toat\u0103 via\u021ba mea am \u00eencercat s\u0103 am grij\u0103 de mine c\u00e2t mai bine, iar cei care m\u0103 urm\u0103resc pe Instagram (@ekaterinabalabanovaa) \u0219tiu c\u0103 nu fac compromisuri. [&hellip;]<\/p>\n","protected":false},"author":1,"featured_media":0,"parent":0,"menu_order":0,"comment_status":"closed","ping_status":"closed","template":"elementor_header_footer","meta":{"_acf_changed":false,"ocean_post_layout":"","ocean_both_sidebars_style":"","ocean_both_sidebars_content_width":0,"ocean_both_sidebars_sidebars_width":0,"ocean_sidebar":"0","ocean_second_sidebar":"0","ocean_disable_margins":"enable","ocean_add_body_class":"","ocean_shortcode_before_top_bar":"","ocean_shortcode_after_top_bar":"","ocean_shortcode_before_header":"","ocean_shortcode_after_header":"","ocean_has_shortcode":"","ocean_shortcode_after_title":"","ocean_shortcode_before_footer_widgets":"","ocean_shortcode_after_footer_widgets":"","ocean_shortcode_before_footer_bottom":"","ocean_shortcode_after_footer_bottom":"","ocean_display_top_bar":"default","ocean_display_header":"default","ocean_header_style":"","ocean_center_header_left_menu":"0","ocean_custom_header_template":"0","ocean_custom_logo":0,"ocean_custom_retina_logo":0,"ocean_custom_logo_max_width":0,"ocean_custom_logo_tablet_max_width":0,"ocean_custom_logo_mobile_max_width":0,"ocean_custom_logo_max_height":0,"ocean_custom_logo_tablet_max_height":0,"ocean_custom_logo_mobile_max_height":0,"ocean_header_custom_menu":"0","ocean_menu_typo_font_family":"0","ocean_menu_typo_font_subset":"","ocean_menu_typo_font_size":0,"ocean_menu_typo_font_size_tablet":0,"ocean_menu_typo_font_size_mobile":0,"ocean_menu_typo_font_size_unit":"px","ocean_menu_typo_font_weight":"","ocean_menu_typo_font_weight_tablet":"","ocean_menu_typo_font_weight_mobile":"","ocean_menu_typo_transform":"","ocean_menu_typo_transform_tablet":"","ocean_menu_typo_transform_mobile":"","ocean_menu_typo_line_height":0,"ocean_menu_typo_line_height_tablet":0,"ocean_menu_typo_line_height_mobile":0,"ocean_menu_typo_line_height_unit":"","ocean_menu_typo_spacing":0,"ocean_menu_typo_spacing_tablet":0,"ocean_menu_typo_spacing_mobile":0,"ocean_menu_typo_spacing_unit":"","ocean_menu_link_color":"","ocean_menu_link_color_hover":"","ocean_menu_link_color_active":"","ocean_menu_link_background":"","ocean_menu_link_hover_background":"","ocean_menu_link_active_background":"","ocean_menu_social_links_bg":"","ocean_menu_social_hover_links_bg":"","ocean_menu_social_links_color":"","ocean_menu_social_hover_links_color":"","ocean_disable_title":"default","ocean_disable_heading":"default","ocean_post_title":"","ocean_post_subheading":"","ocean_post_title_style":"","ocean_post_title_background_color":"","ocean_post_title_background":0,"ocean_post_title_bg_image_position":"","ocean_post_title_bg_image_attachment":"","ocean_post_title_bg_image_repeat":"","ocean_post_title_bg_image_size":"","ocean_post_title_height":0,"ocean_post_title_bg_overlay":0.5,"ocean_post_title_bg_overlay_color":"","ocean_disable_breadcrumbs":"default","ocean_breadcrumbs_color":"","ocean_breadcrumbs_separator_color":"","ocean_breadcrumbs_links_color":"","ocean_breadcrumbs_links_hover_color":"","ocean_display_footer_widgets":"default","ocean_display_footer_bottom":"default","ocean_custom_footer_template":"0","footnotes":""},"class_list":["post-577","page","type-page","status-publish","hentry","entry","owp-thumbs-layout-horizontal","owp-btn-normal","owp-tabs-layout-horizontal","has-no-thumbnails","has-product-nav"],"acf":[],"jetpack_sharing_enabled":true,"_links":{"self":[{"href":"https:\/\/satlujwebsolution.com\/clients\/ansabg\/wp-json\/wp\/v2\/pages\/577","targetHints":{"allow":["GET"]}}],"collection":[{"href":"https:\/\/satlujwebsolution.com\/clients\/ansabg\/wp-json\/wp\/v2\/pages"}],"about":[{"href":"https:\/\/satlujwebsolution.com\/clients\/ansabg\/wp-json\/wp\/v2\/types\/page"}],"author":[{"embeddable":true,"href":"https:\/\/satlujwebsolution.com\/clients\/ansabg\/wp-json\/wp\/v2\/users\/1"}],"replies":[{"embeddable":true,"href":"https:\/\/satlujwebsolution.com\/clients\/ansabg\/wp-json\/wp\/v2\/comments?post=577"}],"version-history":[{"count":184,"href":"https:\/\/satlujwebsolution.com\/clients\/ansabg\/wp-json\/wp\/v2\/pages\/577\/revisions"}],"predecessor-version":[{"id":4611,"href":"https:\/\/satlujwebsolution.com\/clients\/ansabg\/wp-json\/wp\/v2\/pages\/577\/revisions\/4611"}],"wp:attachment":[{"href":"https:\/\/satlujwebsolution.com\/clients\/ansabg\/wp-json\/wp\/v2\/media?parent=577"}],"curies":[{"name":"wp","href":"https:\/\/api.w.org\/{rel}","templated":true}]}}